{"id":8325,"date":"2023-11-07T18:55:13","date_gmt":"2023-11-07T17:55:13","guid":{"rendered":"https:\/\/leite-europa.com\/produit\/cortador-de-relva-para-tractores-leite-modelo-clt-140\/"},"modified":"2023-11-15T11:49:06","modified_gmt":"2023-11-15T10:49:06","slug":"girobroyeur-tondeuse-pour-tracteur-leite-modele-clt-140","status":"publish","type":"product","link":"https:\/\/leite-europa.com\/pt-pt\/produit\/girobroyeur-tondeuse-pour-tracteur-leite-modele-clt-140\/","title":{"rendered":"Cortador de relva para tractores LEITE &#8211; Modelo CLT-140"},"content":{"rendered":"<p>[et_pb_section fb_built=&#8221;1&#8243; _builder_version=&#8221;4.19.2&#8243; _module_preset=&#8221;default&#8221; background_color=&#8221;#FFFFFF&#8221; custom_padding=&#8221;||4px|||&#8221; global_colors_info=&#8221;{}&#8221; theme_builder_area=&#8221;post_content&#8221;][et_pb_row column_structure=&#8221;1_2,1_2&#8243; _builder_version=&#8221;4.19.2&#8243; _module_preset=&#8221;default&#8221; global_colors_info=&#8221;{}&#8221; theme_builder_area=&#8221;post_content&#8221;][et_pb_column type=&#8221;1_2&#8243; _builder_version=&#8221;4.19.2&#8243; _module_preset=&#8221;default&#8221; global_colors_info=&#8221;{}&#8221; theme_builder_area=&#8221;post_content&#8221;][et_pb_gallery gallery_ids=&#8221;2584&#8243; fullwidth=&#8221;on&#8221; _builder_version=&#8221;4.22.1&#8243; _module_preset=&#8221;default&#8221; global_colors_info=&#8221;{}&#8221; theme_builder_area=&#8221;post_content&#8221;][\/et_pb_gallery][\/et_pb_column][et_pb_column type=&#8221;1_2&#8243; _builder_version=&#8221;4.19.2&#8243; _module_preset=&#8221;default&#8221; global_colors_info=&#8221;{}&#8221; theme_builder_area=&#8221;post_content&#8221;][et_pb_text _builder_version=&#8221;4.22.1&#8243; _module_preset=&#8221;default&#8221; text_line_height=&#8221;2em&#8221; header_2_text_color=&#8221;#E75F0D&#8221; global_colors_info=&#8221;{}&#8221; theme_builder_area=&#8221;post_content&#8221;]<\/p>\n<h2>&#8220;A ferramenta ideal para todas as suas necessidades de corte e tritura\u00e7\u00e3o&#8221;.<\/h2>\n<p>[\/et_pb_text][et_pb_text _builder_version=&#8221;4.22.1&#8243; _module_preset=&#8221;default&#8221; text_orientation=&#8221;justified&#8221; global_colors_info=&#8221;{}&#8221; theme_builder_area=&#8221;post_content&#8221;]<\/p>\n<p>Optimize o desempenho do seu trator LEITE com o nosso cortador de relva rotativo de alta qualidade. Concebida para oferecer uma efici\u00eancia inigual\u00e1vel, a CLT-140 \u00e9 a ferramenta ideal para todas as suas necessidades de corte e tritura\u00e7\u00e3o.<\/p>\n<p><strong>Especifica\u00e7\u00f5es t\u00e9cnicas :<\/strong><\/p>\n<ul>\n<li><strong>Modelo:<\/strong> CLT-140<\/li>\n<li><strong>Dimens\u00f5es:<\/strong> 1400 x 1400 x 900 mm<\/li>\n<li><strong>Peso da estrutura:<\/strong> 160 kg<\/li>\n<li><strong>Largura de corte \u00fatil:<\/strong> 134 cm<\/li>\n<li><strong>Efici\u00eancia<\/strong>: Entre 4000 e 10.000 m\u00b2 por hora<\/li>\n<li><strong>Velocidade de rota\u00e7\u00e3o de entrada:<\/strong> 540 rpm<\/li>\n<li><strong>Estria da tomada de for\u00e7a:<\/strong> 6 x 6 x 850<\/li>\n<li><strong>Pot\u00eancia necess\u00e1ria:<\/strong> Entre 20 e 35 hp<\/li>\n<\/ul>\n<p>[\/et_pb_text][\/et_pb_column][\/et_pb_row][et_pb_row _builder_version=&#8221;4.20.4&#8243; _module_preset=&#8221;default&#8221; global_colors_info=&#8221;{}&#8221; theme_builder_area=&#8221;post_content&#8221;][et_pb_column type=&#8221;4_4&#8243; _builder_version=&#8221;4.20.4&#8243; _module_preset=&#8221;default&#8221; global_colors_info=&#8221;{}&#8221; theme_builder_area=&#8221;post_content&#8221;][et_pb_text _builder_version=&#8221;4.22.1&#8243; _module_preset=&#8221;default&#8221; global_colors_info=&#8221;{}&#8221; theme_builder_area=&#8221;post_content&#8221;]<\/p>\n<p><strong>Vantagens :<\/strong><\/p>\n<ol>\n<li><strong>Ajuste perfeito:<\/strong> Concebido especificamente para o trator LEITE, garantindo uma instala\u00e7\u00e3o f\u00e1cil e um desempenho \u00f3timo.<\/li>\n<li><strong>M\u00e1xima efici\u00eancia:<\/strong> Com uma capacidade de at\u00e9 10.000 m\u00b2 por hora, o trabalho pode ser feito num instante.<\/li>\n<li><strong>Durabilidade:<\/strong> Fabricado com materiais de alta qualidade, garante uma longa vida \u00fatil e resist\u00eancia \u00e0s condi\u00e7\u00f5es mais dif\u00edceis.<\/li>\n<li><strong>Pot\u00eancia flex\u00edvel:<\/strong> Funciona eficazmente com tractores de 20 a 35 CV.<\/li>\n<\/ol>\n<p>N\u00e3o perca esta oportunidade de melhorar o desempenho do seu trator LEITE. O cortador de relva CLT-140 \u00e9 a ferramenta de que necessita para cortar e triturar a relva de forma r\u00e1pida e eficiente. Encomende o seu hoje!<\/p>\n<p>[\/et_pb_text][\/et_pb_column][\/et_pb_row][\/et_pb_section]<\/p>\n","protected":false},"excerpt":{"rendered":"<p>&#8220;A ferramenta ideal para todas as suas necessidades de corte e tritura\u00e7\u00e3o&#8221;.Optimize o desempenho do seu trator LEITE com o nosso cortador de relva rotativo de alta qualidade. Concebida para oferecer uma efici\u00eancia inigual\u00e1vel, a CLT-140 \u00e9 a ferramenta ideal para todas as suas necessidades de corte e tritura\u00e7\u00e3o. Especifica\u00e7\u00f5es t\u00e9cnicas : Modelo: CLT-140 Dimens\u00f5es: [&hellip;]<\/p>\n","protected":false},"featured_media":4775,"template":"","meta":{"_et_pb_use_builder":"on","_et_pb_old_content":"","_et_gb_content_width":""},"product_brand":[],"product_cat":[214],"product_tag":[],"class_list":{"0":"post-8325","1":"product","2":"type-product","3":"status-publish","4":"has-post-thumbnail","6":"product_cat-acessorios-para-tractores","8":"first","9":"instock","10":"taxable","11":"shipping-taxable","12":"purchasable","13":"product-type-simple"},"yoast_head":"<!-- This site is optimized with the Yoast SEO plugin v27.3 - https:\/\/yoast.com\/product\/yoast-seo-wordpress\/ -->\n<title>Cortador de relva para tractores LEITE - Modelo CLT-140 - Leite Europe<\/title>\n<meta name=\"description\" content=\"Descubra o triturador de relva CLT-140 para tractores LEITE. Efici\u00eancia de 10.000 m\u00b2\/h, adaptabilidade perfeita e pot\u00eancia flex\u00edvel\" \/>\n<meta name=\"robots\" content=\"index, follow, max-snippet:-1, max-image-preview:large, max-video-preview:-1\" \/>\n<link rel=\"canonical\" href=\"https:\/\/leite-europa.com\/pt-pt\/produit\/girobroyeur-tondeuse-pour-tracteur-leite-modele-clt-140\/\" \/>\n<meta property=\"og:locale\" content=\"pt_PT\" \/>\n<meta property=\"og:type\" content=\"article\" \/>\n<meta property=\"og:title\" content=\"Cortador de relva para tractores LEITE - Modelo CLT-140 - Leite Europe\" \/>\n<meta property=\"og:description\" content=\"Descubra o triturador de relva CLT-140 para tractores LEITE. Efici\u00eancia de 10.000 m\u00b2\/h, adaptabilidade perfeita e pot\u00eancia flex\u00edvel\" \/>\n<meta property=\"og:url\" content=\"https:\/\/leite-europa.com\/pt-pt\/produit\/girobroyeur-tondeuse-pour-tracteur-leite-modele-clt-140\/\" \/>\n<meta property=\"og:site_name\" content=\"Leite Europe\" \/>\n<meta property=\"article:publisher\" content=\"https:\/\/www.facebook.com\/profile.php?id=100089192656837\" \/>\n<meta property=\"article:modified_time\" content=\"2023-11-15T10:49:06+00:00\" \/>\n<meta property=\"og:image\" content=\"https:\/\/leite-europa.com\/wp-content\/uploads\/2023\/09\/8.png\" \/>\n\t<meta property=\"og:image:width\" content=\"1436\" \/>\n\t<meta property=\"og:image:height\" content=\"882\" \/>\n\t<meta property=\"og:image:type\" content=\"image\/png\" \/>\n<meta name=\"twitter:card\" content=\"summary_large_image\" \/>\n<meta name=\"twitter:label1\" content=\"Tempo estimado de leitura\" \/>\n\t<meta name=\"twitter:data1\" content=\"2 minutos\" \/>\n<script type=\"application\/ld+json\" class=\"yoast-schema-graph\">{\"@context\":\"https:\\\/\\\/schema.org\",\"@graph\":[{\"@type\":\"WebPage\",\"@id\":\"https:\\\/\\\/leite-europa.com\\\/pt-pt\\\/produit\\\/girobroyeur-tondeuse-pour-tracteur-leite-modele-clt-140\\\/\",\"url\":\"https:\\\/\\\/leite-europa.com\\\/pt-pt\\\/produit\\\/girobroyeur-tondeuse-pour-tracteur-leite-modele-clt-140\\\/\",\"name\":\"Cortador de relva para tractores LEITE - Modelo CLT-140 - Leite Europe\",\"isPartOf\":{\"@id\":\"https:\\\/\\\/leite-europa.com\\\/pt-pt\\\/#website\"},\"primaryImageOfPage\":{\"@id\":\"https:\\\/\\\/leite-europa.com\\\/pt-pt\\\/produit\\\/girobroyeur-tondeuse-pour-tracteur-leite-modele-clt-140\\\/#primaryimage\"},\"image\":{\"@id\":\"https:\\\/\\\/leite-europa.com\\\/pt-pt\\\/produit\\\/girobroyeur-tondeuse-pour-tracteur-leite-modele-clt-140\\\/#primaryimage\"},\"thumbnailUrl\":\"https:\\\/\\\/leite-europa.com\\\/wp-content\\\/uploads\\\/2023\\\/09\\\/8.png\",\"datePublished\":\"2023-11-07T17:55:13+00:00\",\"dateModified\":\"2023-11-15T10:49:06+00:00\",\"description\":\"Descubra o triturador de relva CLT-140 para tractores LEITE. Efici\u00eancia de 10.000 m\u00b2\\\/h, adaptabilidade perfeita e pot\u00eancia flex\u00edvel\",\"breadcrumb\":{\"@id\":\"https:\\\/\\\/leite-europa.com\\\/pt-pt\\\/produit\\\/girobroyeur-tondeuse-pour-tracteur-leite-modele-clt-140\\\/#breadcrumb\"},\"inLanguage\":\"pt-PT\",\"potentialAction\":[{\"@type\":\"ReadAction\",\"target\":[\"https:\\\/\\\/leite-europa.com\\\/pt-pt\\\/produit\\\/girobroyeur-tondeuse-pour-tracteur-leite-modele-clt-140\\\/\"]}]},{\"@type\":\"ImageObject\",\"inLanguage\":\"pt-PT\",\"@id\":\"https:\\\/\\\/leite-europa.com\\\/pt-pt\\\/produit\\\/girobroyeur-tondeuse-pour-tracteur-leite-modele-clt-140\\\/#primaryimage\",\"url\":\"https:\\\/\\\/leite-europa.com\\\/wp-content\\\/uploads\\\/2023\\\/09\\\/8.png\",\"contentUrl\":\"https:\\\/\\\/leite-europa.com\\\/wp-content\\\/uploads\\\/2023\\\/09\\\/8.png\",\"width\":1436,\"height\":882,\"caption\":\"Cortador de relva para tractores LEITE - Modelo CLT-140\"},{\"@type\":\"BreadcrumbList\",\"@id\":\"https:\\\/\\\/leite-europa.com\\\/pt-pt\\\/produit\\\/girobroyeur-tondeuse-pour-tracteur-leite-modele-clt-140\\\/#breadcrumb\",\"itemListElement\":[{\"@type\":\"ListItem\",\"position\":1,\"name\":\"Accueil\",\"item\":\"https:\\\/\\\/leite-europa.com\\\/pt-pt\\\/inicio\\\/\"},{\"@type\":\"ListItem\",\"position\":2,\"name\":\"Boutique\",\"item\":\"https:\\\/\\\/leite-europa.com\\\/fr\\\/boutique\\\/\"},{\"@type\":\"ListItem\",\"position\":3,\"name\":\"Cortador de relva para tractores LEITE &#8211; Modelo CLT-140\"}]},{\"@type\":\"WebSite\",\"@id\":\"https:\\\/\\\/leite-europa.com\\\/pt-pt\\\/#website\",\"url\":\"https:\\\/\\\/leite-europa.com\\\/pt-pt\\\/\",\"name\":\"Leite Europe\",\"description\":\"\",\"publisher\":{\"@id\":\"https:\\\/\\\/leite-europa.com\\\/pt-pt\\\/#organization\"},\"potentialAction\":[{\"@type\":\"SearchAction\",\"target\":{\"@type\":\"EntryPoint\",\"urlTemplate\":\"https:\\\/\\\/leite-europa.com\\\/pt-pt\\\/?s={search_term_string}\"},\"query-input\":{\"@type\":\"PropertyValueSpecification\",\"valueRequired\":true,\"valueName\":\"search_term_string\"}}],\"inLanguage\":\"pt-PT\"},{\"@type\":\"Organization\",\"@id\":\"https:\\\/\\\/leite-europa.com\\\/pt-pt\\\/#organization\",\"name\":\"Leite Europe\",\"url\":\"https:\\\/\\\/leite-europa.com\\\/pt-pt\\\/\",\"logo\":{\"@type\":\"ImageObject\",\"inLanguage\":\"pt-PT\",\"@id\":\"https:\\\/\\\/leite-europa.com\\\/pt-pt\\\/#\\\/schema\\\/logo\\\/image\\\/\",\"url\":\"https:\\\/\\\/leite-europa.com\\\/wp-content\\\/uploads\\\/2022\\\/12\\\/LOGO-LEITE.png\",\"contentUrl\":\"https:\\\/\\\/leite-europa.com\\\/wp-content\\\/uploads\\\/2022\\\/12\\\/LOGO-LEITE.png\",\"width\":1024,\"height\":512,\"caption\":\"Leite Europe\"},\"image\":{\"@id\":\"https:\\\/\\\/leite-europa.com\\\/pt-pt\\\/#\\\/schema\\\/logo\\\/image\\\/\"},\"sameAs\":[\"https:\\\/\\\/www.facebook.com\\\/profile.php?id=100089192656837\",\"https:\\\/\\\/www.instagram.com\\\/leite_france_minipelle\\\/\",\"https:\\\/\\\/www.linkedin.com\\\/company\\\/leite-france\\\/\"]}]}<\/script>\n<!-- \/ Yoast SEO plugin. -->","yoast_head_json":{"title":"Cortador de relva para tractores LEITE - Modelo CLT-140 - Leite Europe","description":"Descubra o triturador de relva CLT-140 para tractores LEITE. Efici\u00eancia de 10.000 m\u00b2\/h, adaptabilidade perfeita e pot\u00eancia flex\u00edvel","robots":{"index":"index","follow":"follow","max-snippet":"max-snippet:-1","max-image-preview":"max-image-preview:large","max-video-preview":"max-video-preview:-1"},"canonical":"https:\/\/leite-europa.com\/pt-pt\/produit\/girobroyeur-tondeuse-pour-tracteur-leite-modele-clt-140\/","og_locale":"pt_PT","og_type":"article","og_title":"Cortador de relva para tractores LEITE - Modelo CLT-140 - Leite Europe","og_description":"Descubra o triturador de relva CLT-140 para tractores LEITE. Efici\u00eancia de 10.000 m\u00b2\/h, adaptabilidade perfeita e pot\u00eancia flex\u00edvel","og_url":"https:\/\/leite-europa.com\/pt-pt\/produit\/girobroyeur-tondeuse-pour-tracteur-leite-modele-clt-140\/","og_site_name":"Leite Europe","article_publisher":"https:\/\/www.facebook.com\/profile.php?id=100089192656837","article_modified_time":"2023-11-15T10:49:06+00:00","og_image":[{"width":1436,"height":882,"url":"https:\/\/leite-europa.com\/wp-content\/uploads\/2023\/09\/8.png","type":"image\/png"}],"twitter_card":"summary_large_image","twitter_misc":{"Tempo estimado de leitura":"2 minutos"},"schema":{"@context":"https:\/\/schema.org","@graph":[{"@type":"WebPage","@id":"https:\/\/leite-europa.com\/pt-pt\/produit\/girobroyeur-tondeuse-pour-tracteur-leite-modele-clt-140\/","url":"https:\/\/leite-europa.com\/pt-pt\/produit\/girobroyeur-tondeuse-pour-tracteur-leite-modele-clt-140\/","name":"Cortador de relva para tractores LEITE - Modelo CLT-140 - Leite Europe","isPartOf":{"@id":"https:\/\/leite-europa.com\/pt-pt\/#website"},"primaryImageOfPage":{"@id":"https:\/\/leite-europa.com\/pt-pt\/produit\/girobroyeur-tondeuse-pour-tracteur-leite-modele-clt-140\/#primaryimage"},"image":{"@id":"https:\/\/leite-europa.com\/pt-pt\/produit\/girobroyeur-tondeuse-pour-tracteur-leite-modele-clt-140\/#primaryimage"},"thumbnailUrl":"https:\/\/leite-europa.com\/wp-content\/uploads\/2023\/09\/8.png","datePublished":"2023-11-07T17:55:13+00:00","dateModified":"2023-11-15T10:49:06+00:00","description":"Descubra o triturador de relva CLT-140 para tractores LEITE. Efici\u00eancia de 10.000 m\u00b2\/h, adaptabilidade perfeita e pot\u00eancia flex\u00edvel","breadcrumb":{"@id":"https:\/\/leite-europa.com\/pt-pt\/produit\/girobroyeur-tondeuse-pour-tracteur-leite-modele-clt-140\/#breadcrumb"},"inLanguage":"pt-PT","potentialAction":[{"@type":"ReadAction","target":["https:\/\/leite-europa.com\/pt-pt\/produit\/girobroyeur-tondeuse-pour-tracteur-leite-modele-clt-140\/"]}]},{"@type":"ImageObject","inLanguage":"pt-PT","@id":"https:\/\/leite-europa.com\/pt-pt\/produit\/girobroyeur-tondeuse-pour-tracteur-leite-modele-clt-140\/#primaryimage","url":"https:\/\/leite-europa.com\/wp-content\/uploads\/2023\/09\/8.png","contentUrl":"https:\/\/leite-europa.com\/wp-content\/uploads\/2023\/09\/8.png","width":1436,"height":882,"caption":"Cortador de relva para tractores LEITE - Modelo CLT-140"},{"@type":"BreadcrumbList","@id":"https:\/\/leite-europa.com\/pt-pt\/produit\/girobroyeur-tondeuse-pour-tracteur-leite-modele-clt-140\/#breadcrumb","itemListElement":[{"@type":"ListItem","position":1,"name":"Accueil","item":"https:\/\/leite-europa.com\/pt-pt\/inicio\/"},{"@type":"ListItem","position":2,"name":"Boutique","item":"https:\/\/leite-europa.com\/fr\/boutique\/"},{"@type":"ListItem","position":3,"name":"Cortador de relva para tractores LEITE &#8211; Modelo CLT-140"}]},{"@type":"WebSite","@id":"https:\/\/leite-europa.com\/pt-pt\/#website","url":"https:\/\/leite-europa.com\/pt-pt\/","name":"Leite Europe","description":"","publisher":{"@id":"https:\/\/leite-europa.com\/pt-pt\/#organization"},"potentialAction":[{"@type":"SearchAction","target":{"@type":"EntryPoint","urlTemplate":"https:\/\/leite-europa.com\/pt-pt\/?s={search_term_string}"},"query-input":{"@type":"PropertyValueSpecification","valueRequired":true,"valueName":"search_term_string"}}],"inLanguage":"pt-PT"},{"@type":"Organization","@id":"https:\/\/leite-europa.com\/pt-pt\/#organization","name":"Leite Europe","url":"https:\/\/leite-europa.com\/pt-pt\/","logo":{"@type":"ImageObject","inLanguage":"pt-PT","@id":"https:\/\/leite-europa.com\/pt-pt\/#\/schema\/logo\/image\/","url":"https:\/\/leite-europa.com\/wp-content\/uploads\/2022\/12\/LOGO-LEITE.png","contentUrl":"https:\/\/leite-europa.com\/wp-content\/uploads\/2022\/12\/LOGO-LEITE.png","width":1024,"height":512,"caption":"Leite Europe"},"image":{"@id":"https:\/\/leite-europa.com\/pt-pt\/#\/schema\/logo\/image\/"},"sameAs":["https:\/\/www.facebook.com\/profile.php?id=100089192656837","https:\/\/www.instagram.com\/leite_france_minipelle\/","https:\/\/www.linkedin.com\/company\/leite-france\/"]}]}},"_links":{"self":[{"href":"https:\/\/leite-europa.com\/pt-pt\/wp-json\/wp\/v2\/product\/8325","targetHints":{"allow":["GET"]}}],"collection":[{"href":"https:\/\/leite-europa.com\/pt-pt\/wp-json\/wp\/v2\/product"}],"about":[{"href":"https:\/\/leite-europa.com\/pt-pt\/wp-json\/wp\/v2\/types\/product"}],"wp:featuredmedia":[{"embeddable":true,"href":"https:\/\/leite-europa.com\/pt-pt\/wp-json\/wp\/v2\/media\/4775"}],"wp:attachment":[{"href":"https:\/\/leite-europa.com\/pt-pt\/wp-json\/wp\/v2\/media?parent=8325"}],"wp:term":[{"taxonomy":"product_brand","embeddable":true,"href":"https:\/\/leite-europa.com\/pt-pt\/wp-json\/wp\/v2\/product_brand?post=8325"},{"taxonomy":"product_cat","embeddable":true,"href":"https:\/\/leite-europa.com\/pt-pt\/wp-json\/wp\/v2\/product_cat?post=8325"},{"taxonomy":"product_tag","embeddable":true,"href":"https:\/\/leite-europa.com\/pt-pt\/wp-json\/wp\/v2\/product_tag?post=8325"}],"curies":[{"name":"wp","href":"https:\/\/api.w.org\/{rel}","templated":true}]}}