{"id":8328,"date":"2023-11-13T11:08:37","date_gmt":"2023-11-13T10:08:37","guid":{"rendered":"https:\/\/leite-europa.com\/produit\/pacote-de-terraplanagem-para-mini-escavadoras-cl12-e-cl18-leite\/"},"modified":"2025-03-14T11:50:07","modified_gmt":"2025-03-14T10:50:07","slug":"pacote-de-terraplanagem-para-mini-escavadoras-cl12-cl18-leite","status":"publish","type":"product","link":"https:\/\/leite-europa.com\/pt-pt\/produit\/pacote-de-terraplanagem-para-mini-escavadoras-cl12-cl18-leite\/","title":{"rendered":"Pacote de terraplanagem para Mini-escavadoras CL10 e CL20 LEITE"},"content":{"rendered":"<p>[et_pb_section fb_built=&#8221;1&#8243; _builder_version=&#8221;4.19.2&#8243; _module_preset=&#8221;default&#8221; background_color=&#8221;#FFFFFF&#8221; custom_padding=&#8221;||4px|||&#8221; global_colors_info=&#8221;{}&#8221;][et_pb_row column_structure=&#8221;1_2,1_2&#8243; _builder_version=&#8221;4.19.2&#8243; _module_preset=&#8221;default&#8221; global_colors_info=&#8221;{}&#8221;][et_pb_column type=&#8221;1_2&#8243; _builder_version=&#8221;4.19.2&#8243; _module_preset=&#8221;default&#8221; global_colors_info=&#8221;{}&#8221;][et_pb_gallery gallery_ids=&#8221;3516&#8243; fullwidth=&#8221;on&#8221; _builder_version=&#8221;4.23&#8243; _module_preset=&#8221;default&#8221; global_colors_info=&#8221;{}&#8221;][\/et_pb_gallery][\/et_pb_column][et_pb_column type=&#8221;1_2&#8243; _builder_version=&#8221;4.19.2&#8243; _module_preset=&#8221;default&#8221; global_colors_info=&#8221;{}&#8221;][et_pb_text _builder_version=&#8221;4.23&#8243; _module_preset=&#8221;default&#8221; text_line_height=&#8221;2em&#8221; global_colors_info=&#8221;{}&#8221;]<\/p>\n<h2><span style=\"color: #ff6600;\">Melhore a versatilidade e a autonomia das suas mini-escavadoras com os nossos packs de terraplanagem Leite, concebidos para responder eficazmente a uma vasta gama de trabalhos principais.<\/span><\/h2>\n<p>[\/et_pb_text][et_pb_text _builder_version=&#8221;4.23&#8243; _module_preset=&#8221;default&#8221; global_colors_info=&#8221;{}&#8221;]<\/p>\n<p><strong>Versatilidade e autonomia maximizadas<\/strong> Os nossos packs de movimenta\u00e7\u00e3o de terras foram concebidos para lhe permitir realizar uma multiplicidade de tarefas de forma aut\u00f3noma. Quer se trate de trabalhos de precis\u00e3o, como a escava\u00e7\u00e3o de valas estreitas, ou de tarefas maiores, como o nivelamento e a limpeza, estes packs transformam a sua mini-escavadora numa ferramenta vers\u00e1til, capaz de se adaptar a diferentes tipos de locais.<\/p>\n<p><strong class=\"ContentPasted0\"><u>Pacote de terraplanagem para a mini-escavadora CL12:<\/u><\/strong><\/p>\n<div><strong class=\"ContentPasted0\">Inclui:<\/strong><\/div>\n<div>\n<ul data-editing-info=\"{\"orderedStyleType\":1,\"unorderedStyleType\":1}\">\n<li><strong class=\"ContentPasted0\">Balde para terraplanagem de 20 cm:<\/strong> Ideal para trabalhos precisos, como a cria\u00e7\u00e3o de pequenas funda\u00e7\u00f5es ou trincheiras.<\/li>\n<li><strong class=\"ContentPasted0\">Balde de escava\u00e7\u00e3o de 100 cm:<\/strong> Perfeito para limpeza e nivelamento, tornando a sua mini-escavadora adequada para trabalhos maiores.<\/li>\n<li><strong class=\"ContentPasted0\">Engate r\u00e1pido manual:<\/strong> Facilita a troca r\u00e1pida de acess\u00f3rios, aumentando a autonomia e reduzindo o tempo de inatividade.<\/li>\n<\/ul>\n<p><strong class=\"ContentPasted0\"><u>Pacote de terraplanagem para a mini-escavadora CL18:<\/u><\/strong><\/p>\n<div><strong class=\"ContentPasted0\">Inclui:<\/strong><\/div>\n<div>\n<ul data-editing-info=\"{\"orderedStyleType\":1,\"unorderedStyleType\":1}\">\n<li><strong class=\"ContentPasted0\">Balde para terraplanagem de 20 cm:<\/strong> Ideal para uma grande variedade de trabalhos de terraplanagem.<\/li>\n<li><strong class=\"ContentPasted0\">Balde de limpeza alargado de 120 cm:<\/strong> Aumenta a capacidade de limpeza e nivelamento, perfeito para locais de grandes dimens\u00f5es.<\/li>\n<li><strong class=\"ContentPasted0\">Engate r\u00e1pido manual:<\/strong> optimiza o tempo de trabalho, facilitando a mudan\u00e7a entre diferentes baldes.<\/li>\n<\/ul>\n<\/div>\n<\/div>\n<p>[\/et_pb_text][\/et_pb_column][\/et_pb_row][\/et_pb_section][et_pb_section fb_built=&#8221;1&#8243; _builder_version=&#8221;4.19.4&#8243; _module_preset=&#8221;default&#8221; background_color=&#8221;RGBA(255,255,255,0)&#8221; custom_padding=&#8221;2px||4px|||&#8221; global_colors_info=&#8221;{}&#8221;][et_pb_row column_structure=&#8221;1_3,1_3,1_3&#8243; _builder_version=&#8221;4.23&#8243; _module_preset=&#8221;default&#8221; global_colors_info=&#8221;{}&#8221;][et_pb_column type=&#8221;1_3&#8243; _builder_version=&#8221;4.23&#8243; _module_preset=&#8221;default&#8221; global_colors_info=&#8221;{}&#8221;][et_pb_image src=&#8221;https:\/\/leite-france.fr\/wp-content\/uploads\/2023\/01\/IMG_1283.jpeg&#8221; alt=&#8221;Balde de terraplanagem para mini-escavadora LEITE&#8221; title_text=&#8221;Balde de terraplanagem para mini-escavadora LEITE&#8221; _builder_version=&#8221;4.23&#8243; _module_preset=&#8221;default&#8221; global_colors_info=&#8221;{}&#8221;][\/et_pb_image][\/et_pb_column][et_pb_column type=&#8221;1_3&#8243; _builder_version=&#8221;4.23&#8243; _module_preset=&#8221;default&#8221; global_colors_info=&#8221;{}&#8221;][et_pb_image src=&#8221;https:\/\/leite-europa.com\/wp-content\/uploads\/2023\/01\/IMG_1339.jpeg&#8221; alt=&#8221;Balde de limpeza Leite&#8221; title_text=&#8221;Balde de limpeza Leite&#8221; _builder_version=&#8221;4.23.1&#8243; _module_preset=&#8221;default&#8221; global_colors_info=&#8221;{}&#8221;][\/et_pb_image][\/et_pb_column][et_pb_column type=&#8221;1_3&#8243; _builder_version=&#8221;4.23&#8243; _module_preset=&#8221;default&#8221; global_colors_info=&#8221;{}&#8221;][et_pb_image src=&#8221;https:\/\/leite-france.fr\/wp-content\/uploads\/2023\/01\/IMG_1316.jpeg&#8221; alt=&#8221;Mini p\u00e1 de liberta\u00e7\u00e3o r\u00e1pida Leite france&#8221; title_text=&#8221;Mini p\u00e1 de liberta\u00e7\u00e3o r\u00e1pida Leite france&#8221; _builder_version=&#8221;4.23&#8243; _module_preset=&#8221;default&#8221; global_colors_info=&#8221;{}&#8221;][\/et_pb_image][\/et_pb_column][\/et_pb_row][\/et_pb_section]<\/p>\n","protected":false},"excerpt":{"rendered":"<p>Melhore a versatilidade e a autonomia das suas mini-escavadoras com os nossos packs de terraplanagem Leite, concebidos para responder eficazmente a uma vasta gama de trabalhos principais.Versatilidade e autonomia maximizadas Os nossos packs de movimenta\u00e7\u00e3o de terras foram concebidos para lhe permitir realizar uma multiplicidade de tarefas de forma aut\u00f3noma. Quer se trate de trabalhos [&hellip;]<\/p>\n","protected":false},"featured_media":8022,"template":"","meta":{"_et_pb_use_builder":"on","_et_pb_old_content":"","_et_gb_content_width":""},"product_brand":[],"product_cat":[221],"product_tag":[],"class_list":{"0":"post-8328","1":"product","2":"type-product","3":"status-publish","4":"has-post-thumbnail","6":"product_cat-embalagem","8":"first","9":"instock","10":"taxable","11":"shipping-taxable","12":"purchasable","13":"product-type-variable"},"yoast_head":"<!-- This site is optimized with the Yoast SEO plugin v27.3 - https:\/\/yoast.com\/product\/yoast-seo-wordpress\/ -->\n<title>Pacote de terraplanagem para Mini-escavadoras CL10 e CL20 LEITE - Leite Europe<\/title>\n<meta name=\"description\" content=\"O nosso balde escavador Leite, tamb\u00e9m conhecido como balde de vala ou balde nivelador, \u00e9 um balde sem dentes indispens\u00e1vel para os trabalhos de enchimento e nivelamento.\" \/>\n<meta name=\"robots\" content=\"index, follow, max-snippet:-1, max-image-preview:large, max-video-preview:-1\" \/>\n<link rel=\"canonical\" href=\"https:\/\/leite-europa.com\/pt-pt\/produit\/pacote-de-terraplanagem-para-mini-escavadoras-cl12-cl18-leite\/\" \/>\n<meta property=\"og:locale\" content=\"pt_PT\" \/>\n<meta property=\"og:type\" content=\"article\" \/>\n<meta property=\"og:title\" content=\"Pacote de terraplanagem para Mini-escavadoras CL10 e CL20 LEITE - Leite Europe\" \/>\n<meta property=\"og:description\" content=\"O nosso balde escavador Leite, tamb\u00e9m conhecido como balde de vala ou balde nivelador, \u00e9 um balde sem dentes indispens\u00e1vel para os trabalhos de enchimento e nivelamento.\" \/>\n<meta property=\"og:url\" content=\"https:\/\/leite-europa.com\/pt-pt\/produit\/pacote-de-terraplanagem-para-mini-escavadoras-cl12-cl18-leite\/\" \/>\n<meta property=\"og:site_name\" content=\"Leite Europe\" \/>\n<meta property=\"article:publisher\" content=\"https:\/\/www.facebook.com\/profile.php?id=100089192656837\" \/>\n<meta property=\"article:modified_time\" content=\"2025-03-14T10:50:07+00:00\" \/>\n<meta property=\"og:image\" content=\"https:\/\/leite-europa.com\/wp-content\/uploads\/2023\/11\/Pack-godet-pub-leite.webp\" \/>\n\t<meta property=\"og:image:width\" content=\"1080\" \/>\n\t<meta property=\"og:image:height\" content=\"1080\" \/>\n\t<meta property=\"og:image:type\" content=\"image\/webp\" \/>\n<meta name=\"twitter:card\" content=\"summary_large_image\" \/>\n<meta name=\"twitter:label1\" content=\"Tempo estimado de leitura\" \/>\n\t<meta name=\"twitter:data1\" content=\"3 minutos\" \/>\n<script type=\"application\/ld+json\" class=\"yoast-schema-graph\">{\"@context\":\"https:\\\/\\\/schema.org\",\"@graph\":[{\"@type\":\"WebPage\",\"@id\":\"https:\\\/\\\/leite-europa.com\\\/pt-pt\\\/produit\\\/pacote-de-terraplanagem-para-mini-escavadoras-cl12-cl18-leite\\\/\",\"url\":\"https:\\\/\\\/leite-europa.com\\\/pt-pt\\\/produit\\\/pacote-de-terraplanagem-para-mini-escavadoras-cl12-cl18-leite\\\/\",\"name\":\"Pacote de terraplanagem para Mini-escavadoras CL10 e CL20 LEITE - Leite Europe\",\"isPartOf\":{\"@id\":\"https:\\\/\\\/leite-europa.com\\\/pt-pt\\\/#website\"},\"primaryImageOfPage\":{\"@id\":\"https:\\\/\\\/leite-europa.com\\\/pt-pt\\\/produit\\\/pacote-de-terraplanagem-para-mini-escavadoras-cl12-cl18-leite\\\/#primaryimage\"},\"image\":{\"@id\":\"https:\\\/\\\/leite-europa.com\\\/pt-pt\\\/produit\\\/pacote-de-terraplanagem-para-mini-escavadoras-cl12-cl18-leite\\\/#primaryimage\"},\"thumbnailUrl\":\"https:\\\/\\\/leite-europa.com\\\/wp-content\\\/uploads\\\/2023\\\/11\\\/Pack-godet-pub-leite.webp\",\"datePublished\":\"2023-11-13T10:08:37+00:00\",\"dateModified\":\"2025-03-14T10:50:07+00:00\",\"description\":\"O nosso balde escavador Leite, tamb\u00e9m conhecido como balde de vala ou balde nivelador, \u00e9 um balde sem dentes indispens\u00e1vel para os trabalhos de enchimento e nivelamento.\",\"breadcrumb\":{\"@id\":\"https:\\\/\\\/leite-europa.com\\\/pt-pt\\\/produit\\\/pacote-de-terraplanagem-para-mini-escavadoras-cl12-cl18-leite\\\/#breadcrumb\"},\"inLanguage\":\"pt-PT\",\"potentialAction\":[{\"@type\":\"ReadAction\",\"target\":[\"https:\\\/\\\/leite-europa.com\\\/pt-pt\\\/produit\\\/pacote-de-terraplanagem-para-mini-escavadoras-cl12-cl18-leite\\\/\"]}]},{\"@type\":\"ImageObject\",\"inLanguage\":\"pt-PT\",\"@id\":\"https:\\\/\\\/leite-europa.com\\\/pt-pt\\\/produit\\\/pacote-de-terraplanagem-para-mini-escavadoras-cl12-cl18-leite\\\/#primaryimage\",\"url\":\"https:\\\/\\\/leite-europa.com\\\/wp-content\\\/uploads\\\/2023\\\/11\\\/Pack-godet-pub-leite.webp\",\"contentUrl\":\"https:\\\/\\\/leite-europa.com\\\/wp-content\\\/uploads\\\/2023\\\/11\\\/Pack-godet-pub-leite.webp\",\"width\":1080,\"height\":1080},{\"@type\":\"BreadcrumbList\",\"@id\":\"https:\\\/\\\/leite-europa.com\\\/pt-pt\\\/produit\\\/pacote-de-terraplanagem-para-mini-escavadoras-cl12-cl18-leite\\\/#breadcrumb\",\"itemListElement\":[{\"@type\":\"ListItem\",\"position\":1,\"name\":\"Accueil\",\"item\":\"https:\\\/\\\/leite-europa.com\\\/pt-pt\\\/inicio\\\/\"},{\"@type\":\"ListItem\",\"position\":2,\"name\":\"Boutique\",\"item\":\"https:\\\/\\\/leite-europa.com\\\/fr\\\/boutique\\\/\"},{\"@type\":\"ListItem\",\"position\":3,\"name\":\"Pacote de terraplanagem para Mini-escavadoras CL10 e CL20 LEITE\"}]},{\"@type\":\"WebSite\",\"@id\":\"https:\\\/\\\/leite-europa.com\\\/pt-pt\\\/#website\",\"url\":\"https:\\\/\\\/leite-europa.com\\\/pt-pt\\\/\",\"name\":\"Leite Europe\",\"description\":\"\",\"publisher\":{\"@id\":\"https:\\\/\\\/leite-europa.com\\\/pt-pt\\\/#organization\"},\"potentialAction\":[{\"@type\":\"SearchAction\",\"target\":{\"@type\":\"EntryPoint\",\"urlTemplate\":\"https:\\\/\\\/leite-europa.com\\\/pt-pt\\\/?s={search_term_string}\"},\"query-input\":{\"@type\":\"PropertyValueSpecification\",\"valueRequired\":true,\"valueName\":\"search_term_string\"}}],\"inLanguage\":\"pt-PT\"},{\"@type\":\"Organization\",\"@id\":\"https:\\\/\\\/leite-europa.com\\\/pt-pt\\\/#organization\",\"name\":\"Leite Europe\",\"url\":\"https:\\\/\\\/leite-europa.com\\\/pt-pt\\\/\",\"logo\":{\"@type\":\"ImageObject\",\"inLanguage\":\"pt-PT\",\"@id\":\"https:\\\/\\\/leite-europa.com\\\/pt-pt\\\/#\\\/schema\\\/logo\\\/image\\\/\",\"url\":\"https:\\\/\\\/leite-europa.com\\\/wp-content\\\/uploads\\\/2022\\\/12\\\/LOGO-LEITE.png\",\"contentUrl\":\"https:\\\/\\\/leite-europa.com\\\/wp-content\\\/uploads\\\/2022\\\/12\\\/LOGO-LEITE.png\",\"width\":1024,\"height\":512,\"caption\":\"Leite Europe\"},\"image\":{\"@id\":\"https:\\\/\\\/leite-europa.com\\\/pt-pt\\\/#\\\/schema\\\/logo\\\/image\\\/\"},\"sameAs\":[\"https:\\\/\\\/www.facebook.com\\\/profile.php?id=100089192656837\",\"https:\\\/\\\/www.instagram.com\\\/leite_france_minipelle\\\/\",\"https:\\\/\\\/www.linkedin.com\\\/company\\\/leite-france\\\/\"]}]}<\/script>\n<!-- \/ Yoast SEO plugin. -->","yoast_head_json":{"title":"Pacote de terraplanagem para Mini-escavadoras CL10 e CL20 LEITE - Leite Europe","description":"O nosso balde escavador Leite, tamb\u00e9m conhecido como balde de vala ou balde nivelador, \u00e9 um balde sem dentes indispens\u00e1vel para os trabalhos de enchimento e nivelamento.","robots":{"index":"index","follow":"follow","max-snippet":"max-snippet:-1","max-image-preview":"max-image-preview:large","max-video-preview":"max-video-preview:-1"},"canonical":"https:\/\/leite-europa.com\/pt-pt\/produit\/pacote-de-terraplanagem-para-mini-escavadoras-cl12-cl18-leite\/","og_locale":"pt_PT","og_type":"article","og_title":"Pacote de terraplanagem para Mini-escavadoras CL10 e CL20 LEITE - Leite Europe","og_description":"O nosso balde escavador Leite, tamb\u00e9m conhecido como balde de vala ou balde nivelador, \u00e9 um balde sem dentes indispens\u00e1vel para os trabalhos de enchimento e nivelamento.","og_url":"https:\/\/leite-europa.com\/pt-pt\/produit\/pacote-de-terraplanagem-para-mini-escavadoras-cl12-cl18-leite\/","og_site_name":"Leite Europe","article_publisher":"https:\/\/www.facebook.com\/profile.php?id=100089192656837","article_modified_time":"2025-03-14T10:50:07+00:00","og_image":[{"width":1080,"height":1080,"url":"https:\/\/leite-europa.com\/wp-content\/uploads\/2023\/11\/Pack-godet-pub-leite.webp","type":"image\/webp"}],"twitter_card":"summary_large_image","twitter_misc":{"Tempo estimado de leitura":"3 minutos"},"schema":{"@context":"https:\/\/schema.org","@graph":[{"@type":"WebPage","@id":"https:\/\/leite-europa.com\/pt-pt\/produit\/pacote-de-terraplanagem-para-mini-escavadoras-cl12-cl18-leite\/","url":"https:\/\/leite-europa.com\/pt-pt\/produit\/pacote-de-terraplanagem-para-mini-escavadoras-cl12-cl18-leite\/","name":"Pacote de terraplanagem para Mini-escavadoras CL10 e CL20 LEITE - Leite Europe","isPartOf":{"@id":"https:\/\/leite-europa.com\/pt-pt\/#website"},"primaryImageOfPage":{"@id":"https:\/\/leite-europa.com\/pt-pt\/produit\/pacote-de-terraplanagem-para-mini-escavadoras-cl12-cl18-leite\/#primaryimage"},"image":{"@id":"https:\/\/leite-europa.com\/pt-pt\/produit\/pacote-de-terraplanagem-para-mini-escavadoras-cl12-cl18-leite\/#primaryimage"},"thumbnailUrl":"https:\/\/leite-europa.com\/wp-content\/uploads\/2023\/11\/Pack-godet-pub-leite.webp","datePublished":"2023-11-13T10:08:37+00:00","dateModified":"2025-03-14T10:50:07+00:00","description":"O nosso balde escavador Leite, tamb\u00e9m conhecido como balde de vala ou balde nivelador, \u00e9 um balde sem dentes indispens\u00e1vel para os trabalhos de enchimento e nivelamento.","breadcrumb":{"@id":"https:\/\/leite-europa.com\/pt-pt\/produit\/pacote-de-terraplanagem-para-mini-escavadoras-cl12-cl18-leite\/#breadcrumb"},"inLanguage":"pt-PT","potentialAction":[{"@type":"ReadAction","target":["https:\/\/leite-europa.com\/pt-pt\/produit\/pacote-de-terraplanagem-para-mini-escavadoras-cl12-cl18-leite\/"]}]},{"@type":"ImageObject","inLanguage":"pt-PT","@id":"https:\/\/leite-europa.com\/pt-pt\/produit\/pacote-de-terraplanagem-para-mini-escavadoras-cl12-cl18-leite\/#primaryimage","url":"https:\/\/leite-europa.com\/wp-content\/uploads\/2023\/11\/Pack-godet-pub-leite.webp","contentUrl":"https:\/\/leite-europa.com\/wp-content\/uploads\/2023\/11\/Pack-godet-pub-leite.webp","width":1080,"height":1080},{"@type":"BreadcrumbList","@id":"https:\/\/leite-europa.com\/pt-pt\/produit\/pacote-de-terraplanagem-para-mini-escavadoras-cl12-cl18-leite\/#breadcrumb","itemListElement":[{"@type":"ListItem","position":1,"name":"Accueil","item":"https:\/\/leite-europa.com\/pt-pt\/inicio\/"},{"@type":"ListItem","position":2,"name":"Boutique","item":"https:\/\/leite-europa.com\/fr\/boutique\/"},{"@type":"ListItem","position":3,"name":"Pacote de terraplanagem para Mini-escavadoras CL10 e CL20 LEITE"}]},{"@type":"WebSite","@id":"https:\/\/leite-europa.com\/pt-pt\/#website","url":"https:\/\/leite-europa.com\/pt-pt\/","name":"Leite Europe","description":"","publisher":{"@id":"https:\/\/leite-europa.com\/pt-pt\/#organization"},"potentialAction":[{"@type":"SearchAction","target":{"@type":"EntryPoint","urlTemplate":"https:\/\/leite-europa.com\/pt-pt\/?s={search_term_string}"},"query-input":{"@type":"PropertyValueSpecification","valueRequired":true,"valueName":"search_term_string"}}],"inLanguage":"pt-PT"},{"@type":"Organization","@id":"https:\/\/leite-europa.com\/pt-pt\/#organization","name":"Leite Europe","url":"https:\/\/leite-europa.com\/pt-pt\/","logo":{"@type":"ImageObject","inLanguage":"pt-PT","@id":"https:\/\/leite-europa.com\/pt-pt\/#\/schema\/logo\/image\/","url":"https:\/\/leite-europa.com\/wp-content\/uploads\/2022\/12\/LOGO-LEITE.png","contentUrl":"https:\/\/leite-europa.com\/wp-content\/uploads\/2022\/12\/LOGO-LEITE.png","width":1024,"height":512,"caption":"Leite Europe"},"image":{"@id":"https:\/\/leite-europa.com\/pt-pt\/#\/schema\/logo\/image\/"},"sameAs":["https:\/\/www.facebook.com\/profile.php?id=100089192656837","https:\/\/www.instagram.com\/leite_france_minipelle\/","https:\/\/www.linkedin.com\/company\/leite-france\/"]}]}},"_links":{"self":[{"href":"https:\/\/leite-europa.com\/pt-pt\/wp-json\/wp\/v2\/product\/8328","targetHints":{"allow":["GET"]}}],"collection":[{"href":"https:\/\/leite-europa.com\/pt-pt\/wp-json\/wp\/v2\/product"}],"about":[{"href":"https:\/\/leite-europa.com\/pt-pt\/wp-json\/wp\/v2\/types\/product"}],"wp:featuredmedia":[{"embeddable":true,"href":"https:\/\/leite-europa.com\/pt-pt\/wp-json\/wp\/v2\/media\/8022"}],"wp:attachment":[{"href":"https:\/\/leite-europa.com\/pt-pt\/wp-json\/wp\/v2\/media?parent=8328"}],"wp:term":[{"taxonomy":"product_brand","embeddable":true,"href":"https:\/\/leite-europa.com\/pt-pt\/wp-json\/wp\/v2\/product_brand?post=8328"},{"taxonomy":"product_cat","embeddable":true,"href":"https:\/\/leite-europa.com\/pt-pt\/wp-json\/wp\/v2\/product_cat?post=8328"},{"taxonomy":"product_tag","embeddable":true,"href":"https:\/\/leite-europa.com\/pt-pt\/wp-json\/wp\/v2\/product_tag?post=8328"}],"curies":[{"name":"wp","href":"https:\/\/api.w.org\/{rel}","templated":true}]}}