{"id":8345,"date":"2023-11-07T10:13:37","date_gmt":"2023-11-07T09:13:37","guid":{"rendered":"https:\/\/leite-europa.com\/produit\/balde-4-em-1\/"},"modified":"2024-07-29T10:02:34","modified_gmt":"2024-07-29T08:02:34","slug":"balde-4-em-1","status":"publish","type":"product","link":"https:\/\/leite-europa.com\/pt-pt\/produit\/balde-4-em-1\/","title":{"rendered":"Balde 4 em 1"},"content":{"rendered":"<p>[et_pb_section fb_built=&#8221;1&#8243; _builder_version=&#8221;4.19.2&#8243; _module_preset=&#8221;default&#8221; background_color=&#8221;#FFFFFF&#8221; custom_padding=&#8221;||4px|||&#8221; global_colors_info=&#8221;{}&#8221;][et_pb_row column_structure=&#8221;1_2,1_2&#8243; _builder_version=&#8221;4.19.4&#8243; _module_preset=&#8221;default&#8221; global_colors_info=&#8221;{}&#8221;][et_pb_column type=&#8221;1_2&#8243; _builder_version=&#8221;4.19.2&#8243; _module_preset=&#8221;default&#8221; global_colors_info=&#8221;{}&#8221;][et_pb_gallery gallery_ids=&#8221;1317,1318,1320,1322&#8243; fullwidth=&#8221;on&#8221; _builder_version=&#8221;4.19.4&#8243; _module_preset=&#8221;default&#8221; global_colors_info=&#8221;{}&#8221;][\/et_pb_gallery][\/et_pb_column][et_pb_column type=&#8221;1_2&#8243; _builder_version=&#8221;4.19.2&#8243; _module_preset=&#8221;default&#8221; global_colors_info=&#8221;{}&#8221;][et_pb_text _builder_version=&#8221;4.19.4&#8243; _module_preset=&#8221;default&#8221; text_line_height=&#8221;2em&#8221; global_colors_info=&#8221;{}&#8221;]<\/p>\n<h2><span style=\"color: #ff6600;\">&#8220;Uma solu\u00e7\u00e3o para plantar e tirar \u00e1gua&#8221;.<\/span><\/h2>\n<p>[\/et_pb_text][et_pb_text _builder_version=&#8221;4.19.4&#8243; _module_preset=&#8221;default&#8221; global_colors_info=&#8221;{}&#8221;]<\/p>\n<p><span style=\"color: #000000;\">O balde 4 em 1 para a mini-carregadora Leite France LTH380 \u00e9 um equipamento vers\u00e1til e eficaz para todos os seus trabalhos de constru\u00e7\u00e3o, de terraplanagem e de demoli\u00e7\u00e3o. Concebido para se adaptar perfeitamente \u00e0 sua mini-carregadora LTH380, este balde permitir-lhe-\u00e1 realizar uma multiplicidade de tarefas com uma \u00fanica m\u00e1quina.<\/span><\/p>\n<p><span style=\"color: #000000;\">O balde 4 em 1 possui uma l\u00e2mina frontal, dois potentes cilindros hidr\u00e1ulicos, um sistema de bloqueio r\u00e1pido e uma \u00f3ptima capacidade de carga. Com a sua fun\u00e7\u00e3o de garra hidr\u00e1ulica, \u00e9 poss\u00edvel agarrar materiais como pedras, ramos, \u00e1rvores e detritos. O balde tamb\u00e9m pode ser utilizado como balde normal, garra, pin\u00e7a para madeira ou l\u00e2mina de nivelamento.<\/span><\/p>\n<p><span style=\"color: #000000;\">A constru\u00e7\u00e3o em a\u00e7o de alta resist\u00eancia do balde 4 em 1 garante uma elevada durabilidade e resist\u00eancia ao impacto e ao desgaste. Arestas de corte refor\u00e7adas para maior durabilidade e resist\u00eancia ao impacto.<\/span><\/p>\n<p><span style=\"color: #000000;\">O balde 4 em 1 \u00e9 f\u00e1cil de utilizar gra\u00e7as ao seu sistema de controlo hidr\u00e1ulico integrado. O controlo permite-lhe selecionar rapidamente a fun\u00e7\u00e3o de que necessita para a tarefa em quest\u00e3o, para que possa trabalhar de forma mais r\u00e1pida e eficiente.<\/span><\/p>\n<p><span style=\"color: #000000;\">O balde 4 em 1 para a mini-carregadora Leite France LTH380 \u00e9 um equipamento polivalente que lhe permitir\u00e1 realizar uma multiplicidade de tarefas com uma \u00fanica m\u00e1quina. A sua constru\u00e7\u00e3o em a\u00e7o de alta resist\u00eancia, o sistema de controlo hidr\u00e1ulico e a sua capacidade de carga optimizada fazem dela a ferramenta de elei\u00e7\u00e3o para todos os trabalhos de terraplanagem, constru\u00e7\u00e3o e demoli\u00e7\u00e3o.<\/span><\/p>\n<p>[\/et_pb_text][et_pb_text _builder_version=&#8221;4.19.4&#8243; _module_preset=&#8221;default&#8221; text_text_color=&#8221;#484F54&#8243; global_colors_info=&#8221;{}&#8221;][\/et_pb_text][\/et_pb_column][\/et_pb_row][\/et_pb_section][et_pb_section fb_built=&#8221;1&#8243; _builder_version=&#8221;4.19.4&#8243; _module_preset=&#8221;default&#8221; background_color=&#8221;RGBA(255,255,255,0)&#8221; custom_padding=&#8221;2px||4px|||&#8221; global_colors_info=&#8221;{}&#8221;][et_pb_row _builder_version=&#8221;4.19.4&#8243; _module_preset=&#8221;default&#8221; animation_direction=&#8221;bottom&#8221; global_colors_info=&#8221;{}&#8221;][et_pb_column type=&#8221;4_4&#8243; _builder_version=&#8221;4.19.4&#8243; _module_preset=&#8221;default&#8221; global_colors_info=&#8221;{}&#8221;][et_pb_gallery gallery_ids=&#8221;1318&#8243; fullwidth=&#8221;on&#8221; _builder_version=&#8221;4.19.4&#8243; _module_preset=&#8221;default&#8221; background_color=&#8221;RGBA(255,255,255,0)&#8221; auto=&#8221;on&#8221; auto_speed=&#8221;3000&#8243; global_colors_info=&#8221;{}&#8221;][\/et_pb_gallery][\/et_pb_column][\/et_pb_row][\/et_pb_section]<\/p>\n","protected":false},"excerpt":{"rendered":"<p>&#8220;Uma solu\u00e7\u00e3o para plantar e tirar \u00e1gua&#8221;.O balde 4 em 1 para a mini-carregadora Leite France LTH380 \u00e9 um equipamento vers\u00e1til e eficaz para todos os seus trabalhos de constru\u00e7\u00e3o, de terraplanagem e de demoli\u00e7\u00e3o. Concebido para se adaptar perfeitamente \u00e0 sua mini-carregadora LTH380, este balde permitir-lhe-\u00e1 realizar uma multiplicidade de tarefas com uma \u00fanica [&hellip;]<\/p>\n","protected":false},"featured_media":3987,"template":"","meta":{"_et_pb_use_builder":"on","_et_pb_old_content":"","_et_gb_content_width":""},"product_brand":[],"product_cat":[200,311,307],"product_tag":[],"class_list":{"0":"post-8345","1":"product","2":"type-product","3":"status-publish","4":"has-post-thumbnail","6":"product_cat-acessorios-do-mini-carregador","7":"product_cat-acessorios-mini-carregador-lth280","8":"product_cat-acessorios-mini-carregador-lth380","10":"first","11":"instock","12":"taxable","13":"shipping-taxable","14":"purchasable","15":"product-type-simple"},"yoast_head":"<!-- This site is optimized with the Yoast SEO plugin v27.3 - https:\/\/yoast.com\/product\/yoast-seo-wordpress\/ -->\n<title>Balde 4 em 1 - Leite Europe<\/title>\n<meta name=\"description\" content=\"O nosso balde 4 em 1 \u00e9 o acess\u00f3rio perfeito para a sua mini carregadora LEITE FRANCE LTH380. Vers\u00e1til e f\u00e1cil de utilizar, simplifica os trabalhos de terraplanagem.\" \/>\n<meta name=\"robots\" content=\"index, follow, max-snippet:-1, max-image-preview:large, max-video-preview:-1\" \/>\n<link rel=\"canonical\" href=\"https:\/\/leite-europa.com\/pt-pt\/produit\/balde-4-em-1\/\" \/>\n<meta property=\"og:locale\" content=\"pt_PT\" \/>\n<meta property=\"og:type\" content=\"article\" \/>\n<meta property=\"og:title\" content=\"Balde 4 em 1 - Leite Europe\" \/>\n<meta property=\"og:description\" content=\"O nosso balde 4 em 1 \u00e9 o acess\u00f3rio perfeito para a sua mini carregadora LEITE FRANCE LTH380. Vers\u00e1til e f\u00e1cil de utilizar, simplifica os trabalhos de terraplanagem.\" \/>\n<meta property=\"og:url\" content=\"https:\/\/leite-europa.com\/pt-pt\/produit\/balde-4-em-1\/\" \/>\n<meta property=\"og:site_name\" content=\"Leite Europe\" \/>\n<meta property=\"article:publisher\" content=\"https:\/\/www.facebook.com\/profile.php?id=100089192656837\" \/>\n<meta property=\"article:modified_time\" content=\"2024-07-29T08:02:34+00:00\" \/>\n<meta property=\"og:image\" content=\"https:\/\/leite-europa.com\/wp-content\/uploads\/2023\/03\/IMG_2019.jpeg\" \/>\n\t<meta property=\"og:image:width\" content=\"1440\" \/>\n\t<meta property=\"og:image:height\" content=\"1920\" \/>\n\t<meta property=\"og:image:type\" content=\"image\/jpeg\" \/>\n<meta name=\"twitter:card\" content=\"summary_large_image\" \/>\n<meta name=\"twitter:label1\" content=\"Tempo estimado de leitura\" \/>\n\t<meta name=\"twitter:data1\" content=\"2 minutos\" \/>\n<script type=\"application\/ld+json\" class=\"yoast-schema-graph\">{\"@context\":\"https:\\\/\\\/schema.org\",\"@graph\":[{\"@type\":\"WebPage\",\"@id\":\"https:\\\/\\\/leite-europa.com\\\/pt-pt\\\/produit\\\/balde-4-em-1\\\/\",\"url\":\"https:\\\/\\\/leite-europa.com\\\/pt-pt\\\/produit\\\/balde-4-em-1\\\/\",\"name\":\"Balde 4 em 1 - Leite Europe\",\"isPartOf\":{\"@id\":\"https:\\\/\\\/leite-europa.com\\\/pt-pt\\\/#website\"},\"primaryImageOfPage\":{\"@id\":\"https:\\\/\\\/leite-europa.com\\\/pt-pt\\\/produit\\\/balde-4-em-1\\\/#primaryimage\"},\"image\":{\"@id\":\"https:\\\/\\\/leite-europa.com\\\/pt-pt\\\/produit\\\/balde-4-em-1\\\/#primaryimage\"},\"thumbnailUrl\":\"https:\\\/\\\/leite-europa.com\\\/wp-content\\\/uploads\\\/2023\\\/03\\\/IMG_2019.jpeg\",\"datePublished\":\"2023-11-07T09:13:37+00:00\",\"dateModified\":\"2024-07-29T08:02:34+00:00\",\"description\":\"O nosso balde 4 em 1 \u00e9 o acess\u00f3rio perfeito para a sua mini carregadora LEITE FRANCE LTH380. Vers\u00e1til e f\u00e1cil de utilizar, simplifica os trabalhos de terraplanagem.\",\"breadcrumb\":{\"@id\":\"https:\\\/\\\/leite-europa.com\\\/pt-pt\\\/produit\\\/balde-4-em-1\\\/#breadcrumb\"},\"inLanguage\":\"pt-PT\",\"potentialAction\":[{\"@type\":\"ReadAction\",\"target\":[\"https:\\\/\\\/leite-europa.com\\\/pt-pt\\\/produit\\\/balde-4-em-1\\\/\"]}]},{\"@type\":\"ImageObject\",\"inLanguage\":\"pt-PT\",\"@id\":\"https:\\\/\\\/leite-europa.com\\\/pt-pt\\\/produit\\\/balde-4-em-1\\\/#primaryimage\",\"url\":\"https:\\\/\\\/leite-europa.com\\\/wp-content\\\/uploads\\\/2023\\\/03\\\/IMG_2019.jpeg\",\"contentUrl\":\"https:\\\/\\\/leite-europa.com\\\/wp-content\\\/uploads\\\/2023\\\/03\\\/IMG_2019.jpeg\",\"width\":1440,\"height\":1920,\"caption\":\"Mini carregadora balde 4 em 1 LEITE FRANCE LTH380\"},{\"@type\":\"BreadcrumbList\",\"@id\":\"https:\\\/\\\/leite-europa.com\\\/pt-pt\\\/produit\\\/balde-4-em-1\\\/#breadcrumb\",\"itemListElement\":[{\"@type\":\"ListItem\",\"position\":1,\"name\":\"Accueil\",\"item\":\"https:\\\/\\\/leite-europa.com\\\/pt-pt\\\/inicio\\\/\"},{\"@type\":\"ListItem\",\"position\":2,\"name\":\"Boutique\",\"item\":\"https:\\\/\\\/leite-europa.com\\\/fr\\\/boutique\\\/\"},{\"@type\":\"ListItem\",\"position\":3,\"name\":\"Balde 4 em 1\"}]},{\"@type\":\"WebSite\",\"@id\":\"https:\\\/\\\/leite-europa.com\\\/pt-pt\\\/#website\",\"url\":\"https:\\\/\\\/leite-europa.com\\\/pt-pt\\\/\",\"name\":\"Leite Europe\",\"description\":\"\",\"publisher\":{\"@id\":\"https:\\\/\\\/leite-europa.com\\\/pt-pt\\\/#organization\"},\"potentialAction\":[{\"@type\":\"SearchAction\",\"target\":{\"@type\":\"EntryPoint\",\"urlTemplate\":\"https:\\\/\\\/leite-europa.com\\\/pt-pt\\\/?s={search_term_string}\"},\"query-input\":{\"@type\":\"PropertyValueSpecification\",\"valueRequired\":true,\"valueName\":\"search_term_string\"}}],\"inLanguage\":\"pt-PT\"},{\"@type\":\"Organization\",\"@id\":\"https:\\\/\\\/leite-europa.com\\\/pt-pt\\\/#organization\",\"name\":\"Leite Europe\",\"url\":\"https:\\\/\\\/leite-europa.com\\\/pt-pt\\\/\",\"logo\":{\"@type\":\"ImageObject\",\"inLanguage\":\"pt-PT\",\"@id\":\"https:\\\/\\\/leite-europa.com\\\/pt-pt\\\/#\\\/schema\\\/logo\\\/image\\\/\",\"url\":\"https:\\\/\\\/leite-europa.com\\\/wp-content\\\/uploads\\\/2022\\\/12\\\/LOGO-LEITE.png\",\"contentUrl\":\"https:\\\/\\\/leite-europa.com\\\/wp-content\\\/uploads\\\/2022\\\/12\\\/LOGO-LEITE.png\",\"width\":1024,\"height\":512,\"caption\":\"Leite Europe\"},\"image\":{\"@id\":\"https:\\\/\\\/leite-europa.com\\\/pt-pt\\\/#\\\/schema\\\/logo\\\/image\\\/\"},\"sameAs\":[\"https:\\\/\\\/www.facebook.com\\\/profile.php?id=100089192656837\",\"https:\\\/\\\/www.instagram.com\\\/leite_france_minipelle\\\/\",\"https:\\\/\\\/www.linkedin.com\\\/company\\\/leite-france\\\/\"]}]}<\/script>\n<!-- \/ Yoast SEO plugin. -->","yoast_head_json":{"title":"Balde 4 em 1 - Leite Europe","description":"O nosso balde 4 em 1 \u00e9 o acess\u00f3rio perfeito para a sua mini carregadora LEITE FRANCE LTH380. Vers\u00e1til e f\u00e1cil de utilizar, simplifica os trabalhos de terraplanagem.","robots":{"index":"index","follow":"follow","max-snippet":"max-snippet:-1","max-image-preview":"max-image-preview:large","max-video-preview":"max-video-preview:-1"},"canonical":"https:\/\/leite-europa.com\/pt-pt\/produit\/balde-4-em-1\/","og_locale":"pt_PT","og_type":"article","og_title":"Balde 4 em 1 - Leite Europe","og_description":"O nosso balde 4 em 1 \u00e9 o acess\u00f3rio perfeito para a sua mini carregadora LEITE FRANCE LTH380. Vers\u00e1til e f\u00e1cil de utilizar, simplifica os trabalhos de terraplanagem.","og_url":"https:\/\/leite-europa.com\/pt-pt\/produit\/balde-4-em-1\/","og_site_name":"Leite Europe","article_publisher":"https:\/\/www.facebook.com\/profile.php?id=100089192656837","article_modified_time":"2024-07-29T08:02:34+00:00","og_image":[{"width":1440,"height":1920,"url":"https:\/\/leite-europa.com\/wp-content\/uploads\/2023\/03\/IMG_2019.jpeg","type":"image\/jpeg"}],"twitter_card":"summary_large_image","twitter_misc":{"Tempo estimado de leitura":"2 minutos"},"schema":{"@context":"https:\/\/schema.org","@graph":[{"@type":"WebPage","@id":"https:\/\/leite-europa.com\/pt-pt\/produit\/balde-4-em-1\/","url":"https:\/\/leite-europa.com\/pt-pt\/produit\/balde-4-em-1\/","name":"Balde 4 em 1 - Leite Europe","isPartOf":{"@id":"https:\/\/leite-europa.com\/pt-pt\/#website"},"primaryImageOfPage":{"@id":"https:\/\/leite-europa.com\/pt-pt\/produit\/balde-4-em-1\/#primaryimage"},"image":{"@id":"https:\/\/leite-europa.com\/pt-pt\/produit\/balde-4-em-1\/#primaryimage"},"thumbnailUrl":"https:\/\/leite-europa.com\/wp-content\/uploads\/2023\/03\/IMG_2019.jpeg","datePublished":"2023-11-07T09:13:37+00:00","dateModified":"2024-07-29T08:02:34+00:00","description":"O nosso balde 4 em 1 \u00e9 o acess\u00f3rio perfeito para a sua mini carregadora LEITE FRANCE LTH380. Vers\u00e1til e f\u00e1cil de utilizar, simplifica os trabalhos de terraplanagem.","breadcrumb":{"@id":"https:\/\/leite-europa.com\/pt-pt\/produit\/balde-4-em-1\/#breadcrumb"},"inLanguage":"pt-PT","potentialAction":[{"@type":"ReadAction","target":["https:\/\/leite-europa.com\/pt-pt\/produit\/balde-4-em-1\/"]}]},{"@type":"ImageObject","inLanguage":"pt-PT","@id":"https:\/\/leite-europa.com\/pt-pt\/produit\/balde-4-em-1\/#primaryimage","url":"https:\/\/leite-europa.com\/wp-content\/uploads\/2023\/03\/IMG_2019.jpeg","contentUrl":"https:\/\/leite-europa.com\/wp-content\/uploads\/2023\/03\/IMG_2019.jpeg","width":1440,"height":1920,"caption":"Mini carregadora balde 4 em 1 LEITE FRANCE LTH380"},{"@type":"BreadcrumbList","@id":"https:\/\/leite-europa.com\/pt-pt\/produit\/balde-4-em-1\/#breadcrumb","itemListElement":[{"@type":"ListItem","position":1,"name":"Accueil","item":"https:\/\/leite-europa.com\/pt-pt\/inicio\/"},{"@type":"ListItem","position":2,"name":"Boutique","item":"https:\/\/leite-europa.com\/fr\/boutique\/"},{"@type":"ListItem","position":3,"name":"Balde 4 em 1"}]},{"@type":"WebSite","@id":"https:\/\/leite-europa.com\/pt-pt\/#website","url":"https:\/\/leite-europa.com\/pt-pt\/","name":"Leite Europe","description":"","publisher":{"@id":"https:\/\/leite-europa.com\/pt-pt\/#organization"},"potentialAction":[{"@type":"SearchAction","target":{"@type":"EntryPoint","urlTemplate":"https:\/\/leite-europa.com\/pt-pt\/?s={search_term_string}"},"query-input":{"@type":"PropertyValueSpecification","valueRequired":true,"valueName":"search_term_string"}}],"inLanguage":"pt-PT"},{"@type":"Organization","@id":"https:\/\/leite-europa.com\/pt-pt\/#organization","name":"Leite Europe","url":"https:\/\/leite-europa.com\/pt-pt\/","logo":{"@type":"ImageObject","inLanguage":"pt-PT","@id":"https:\/\/leite-europa.com\/pt-pt\/#\/schema\/logo\/image\/","url":"https:\/\/leite-europa.com\/wp-content\/uploads\/2022\/12\/LOGO-LEITE.png","contentUrl":"https:\/\/leite-europa.com\/wp-content\/uploads\/2022\/12\/LOGO-LEITE.png","width":1024,"height":512,"caption":"Leite Europe"},"image":{"@id":"https:\/\/leite-europa.com\/pt-pt\/#\/schema\/logo\/image\/"},"sameAs":["https:\/\/www.facebook.com\/profile.php?id=100089192656837","https:\/\/www.instagram.com\/leite_france_minipelle\/","https:\/\/www.linkedin.com\/company\/leite-france\/"]}]}},"_links":{"self":[{"href":"https:\/\/leite-europa.com\/pt-pt\/wp-json\/wp\/v2\/product\/8345","targetHints":{"allow":["GET"]}}],"collection":[{"href":"https:\/\/leite-europa.com\/pt-pt\/wp-json\/wp\/v2\/product"}],"about":[{"href":"https:\/\/leite-europa.com\/pt-pt\/wp-json\/wp\/v2\/types\/product"}],"wp:featuredmedia":[{"embeddable":true,"href":"https:\/\/leite-europa.com\/pt-pt\/wp-json\/wp\/v2\/media\/3987"}],"wp:attachment":[{"href":"https:\/\/leite-europa.com\/pt-pt\/wp-json\/wp\/v2\/media?parent=8345"}],"wp:term":[{"taxonomy":"product_brand","embeddable":true,"href":"https:\/\/leite-europa.com\/pt-pt\/wp-json\/wp\/v2\/product_brand?post=8345"},{"taxonomy":"product_cat","embeddable":true,"href":"https:\/\/leite-europa.com\/pt-pt\/wp-json\/wp\/v2\/product_cat?post=8345"},{"taxonomy":"product_tag","embeddable":true,"href":"https:\/\/leite-europa.com\/pt-pt\/wp-json\/wp\/v2\/product_tag?post=8345"}],"curies":[{"name":"wp","href":"https:\/\/api.w.org\/{rel}","templated":true}]}}